{"id":20883,"date":"2025-09-01T16:11:16","date_gmt":"2025-09-01T16:11:16","guid":{"rendered":"https:\/\/palevioletred-turtle-685376.hostingersite.com\/?page_id=20883"},"modified":"2025-09-01T16:18:00","modified_gmt":"2025-09-01T16:18:00","slug":"references","status":"publish","type":"page","link":"https:\/\/supstratimaki.com\/en\/reference\/","title":{"rendered":"References"},"content":{"rendered":"<div data-elementor-type=\"wp-page\" data-elementor-id=\"20883\" class=\"elementor elementor-20883\" data-elementor-post-type=\"page\">\n\t\t\t\t<div class=\"wd-negative-gap elementor-element elementor-element-e213dcb wd-section-stretch e-flex e-con-boxed e-con e-parent\" data-id=\"e213dcb\" data-element_type=\"container\" data-e-type=\"container\" data-settings=\"{&quot;background_background&quot;:&quot;classic&quot;}\">\n\t\t\t\t\t<div class=\"e-con-inner\">\n\t\t<div class=\"elementor-element elementor-element-b8dcded e-con-full e-flex e-con e-child\" data-id=\"b8dcded\" data-element_type=\"container\" data-e-type=\"container\">\n\t\t\t\t<div class=\"elementor-element elementor-element-cd43cb2 elementor-widget elementor-widget-heading\" data-id=\"cd43cb2\" data-element_type=\"widget\" data-e-type=\"widget\" data-widget_type=\"heading.default\">\n\t\t\t\t<div class=\"elementor-widget-container\">\n\t\t\t\t\t<h1 class=\"elementor-heading-title elementor-size-default\">References<\/h1>\t\t\t\t<\/div>\n\t\t\t\t<\/div>\n\t\t\t\t<div class=\"elementor-element elementor-element-3c38229 color-scheme-inherit text-left elementor-widget elementor-widget-text-editor\" data-id=\"3c38229\" data-element_type=\"widget\" data-e-type=\"widget\" data-widget_type=\"text-editor.default\">\n\t\t\t\t<div class=\"elementor-widget-container\">\n\t\t\t\t\t\t\t\t\t<p>We are engaged in the production of professional substrates in the hobby program, ie. In volumetric packages of 5, 10, 20, 50 and 70 liters. Our substrates are 100% pure peat.<\/p>\t\t\t\t\t\t\t\t<\/div>\n\t\t\t\t<\/div>\n\t\t\t\t<\/div>\n\t\t<div class=\"elementor-element elementor-element-1122acd e-con-full e-flex e-con e-child\" data-id=\"1122acd\" data-element_type=\"container\" data-e-type=\"container\">\n\t\t\t\t<\/div>\n\t\t\t\t\t<\/div>\n\t\t\t\t<\/div>\n\t\t<div class=\"wd-negative-gap elementor-element elementor-element-7bca692 wd-section-stretch e-flex e-con-boxed e-con e-parent\" data-id=\"7bca692\" data-element_type=\"container\" data-e-type=\"container\">\n\t\t\t\t\t<div class=\"e-con-inner\">\n\t\t<div class=\"elementor-element elementor-element-fac2725 e-con-full e-flex e-con e-child\" data-id=\"fac2725\" data-element_type=\"container\" data-e-type=\"container\">\n\t\t\t\t<div class=\"elementor-element elementor-element-f34a118 elementor-widget elementor-widget-heading\" data-id=\"f34a118\" data-element_type=\"widget\" data-e-type=\"widget\" data-widget_type=\"heading.default\">\n\t\t\t\t<div class=\"elementor-widget-container\">\n\t\t\t\t\t<h2 class=\"elementor-heading-title elementor-size-default\">Serbia<\/h2>\t\t\t\t<\/div>\n\t\t\t\t<\/div>\n\t\t\t\t<div class=\"elementor-element elementor-element-61d460a color-scheme-inherit text-left elementor-widget elementor-widget-text-editor\" data-id=\"61d460a\" data-element_type=\"widget\" data-e-type=\"widget\" data-widget_type=\"text-editor.default\">\n\t\t\t\t<div class=\"elementor-widget-container\">\n\t\t\t\t\t\t\t\t\t<ol><li>FLOWER NURSERY DEJAN PERI\u0106, Ora\u0161ac<\/li><li>BLAGOJEVI\u0106 FLOWER NURSERY, Ruski Krstur<\/li><li>PGLjiljana Morarevi\u0107, Zaje\u010dar<\/li><li>SVACOOP, Novi Sad<\/li><li>SEED COOP, Novi Sad<\/li><li>AGRO-SEMENKA DOO, Bor\u010da<\/li><li>GETRACO DOO, Boljevci<\/li><li>AGRO BREZA DOO, Sur\u010din<\/li><li>JP &quot;VOJVODINA SUME&quot;, SomborJP &quot;VOJVODINA SUME&quot;, Sombor<\/li><li>PUC &quot;STARI GRAD&quot;, \u0160abac<\/li><li>JPKP PO\u017dAREVAC, Po\u017earevac<\/li><li>JELIC COMPANY LTD, Le\u0161tane<\/li><li>MILAN TOPALOVI\u0106 NURSERY, Lipolist<\/li><li>RS AGRAR GROUP, \u0160imanovci<\/li><li>ITA SOLUTION DOO, \u010ca\u010dak<\/li><li>TENT DOO, Obrenovac<\/li><li>PRIVATE SOCIETY FOR RECULT., Kostolac<\/li><li>HORTI GROUP DOO, Vladimirci<\/li><li>GREEN CORNER DOO, Jajinci<\/li><li>AL DAHRA RUNDAP,IRIG<\/li><li>BGA FRUITS DOO, Ub<\/li><li>INSTITUTE OF FRUIT GROWING \u010cACAK, \u010ca\u010dak,<\/li><li>CVETKOVI\u0106 COMPANY DOO, Zemun<\/li><li>ATP IRRIGATION DOO, Vozdovac<\/li><\/ol>\t\t\t\t\t\t\t\t<\/div>\n\t\t\t\t<\/div>\n\t\t\t\t<\/div>\n\t\t<div class=\"elementor-element elementor-element-a1eb5c4 e-con-full e-flex e-con e-child\" data-id=\"a1eb5c4\" data-element_type=\"container\" data-e-type=\"container\">\n\t\t\t\t<div class=\"elementor-element elementor-element-9fc738b elementor-widget elementor-widget-image\" data-id=\"9fc738b\" data-element_type=\"widget\" data-e-type=\"widget\" data-widget_type=\"image.default\">\n\t\t\t\t<div class=\"elementor-widget-container\">\n\t\t\t\t\t\t\t\t\t\t\t\t\t\t\t<img loading=\"lazy\" decoding=\"async\" width=\"704\" height=\"939\" src=\"https:\/\/supstratimaki.com\/wp-content\/uploads\/2025\/09\/2-1.webp\" class=\"attachment-large size-large wp-image-20891\" alt=\"\" srcset=\"https:\/\/supstratimaki.com\/wp-content\/uploads\/2025\/09\/2-1.webp 704w, https:\/\/supstratimaki.com\/wp-content\/uploads\/2025\/09\/2-1-9x12.webp 9w, https:\/\/supstratimaki.com\/wp-content\/uploads\/2025\/09\/2-1-430x574.webp 430w, https:\/\/supstratimaki.com\/wp-content\/uploads\/2025\/09\/2-1-700x934.webp 700w, https:\/\/supstratimaki.com\/wp-content\/uploads\/2025\/09\/2-1-150x200.webp 150w\" sizes=\"auto, (max-width: 704px) 100vw, 704px\" \/>\t\t\t\t\t\t\t\t\t\t\t\t\t\t\t<\/div>\n\t\t\t\t<\/div>\n\t\t\t\t<\/div>\n\t\t\t\t\t<\/div>\n\t\t\t\t<\/div>\n\t\t<div class=\"wd-negative-gap elementor-element elementor-element-d067a7d wd-section-stretch e-flex e-con-boxed e-con e-parent\" data-id=\"d067a7d\" data-element_type=\"container\" data-e-type=\"container\">\n\t\t\t\t\t<div class=\"e-con-inner\">\n\t\t<div class=\"elementor-element elementor-element-c40147c e-con-full e-flex e-con e-child\" data-id=\"c40147c\" data-element_type=\"container\" data-e-type=\"container\">\n\t\t\t\t<div class=\"elementor-element elementor-element-d8e42b9 elementor-widget elementor-widget-heading\" data-id=\"d8e42b9\" data-element_type=\"widget\" data-e-type=\"widget\" data-widget_type=\"heading.default\">\n\t\t\t\t<div class=\"elementor-widget-container\">\n\t\t\t\t\t<h2 class=\"elementor-heading-title elementor-size-default\">Bosnia and Herzegovina<\/h2>\t\t\t\t<\/div>\n\t\t\t\t<\/div>\n\t\t\t\t<div class=\"elementor-element elementor-element-344c425 color-scheme-inherit text-left elementor-widget elementor-widget-text-editor\" data-id=\"344c425\" data-element_type=\"widget\" data-e-type=\"widget\" data-widget_type=\"text-editor.default\">\n\t\t\t\t<div class=\"elementor-widget-container\">\n\t\t\t\t\t\t\t\t\t<ul><li>SAVIC COMPANY, Bijeljina<\/li><li>BIOMIX DOO, Bijeljina<\/li><li>SIMOJLOVI\u0106 DOO, Dvorovi<\/li><\/ul>\t\t\t\t\t\t\t\t<\/div>\n\t\t\t\t<\/div>\n\t\t\t\t<div class=\"elementor-element elementor-element-4ac6c37 elementor-widget elementor-widget-heading\" data-id=\"4ac6c37\" data-element_type=\"widget\" data-e-type=\"widget\" data-widget_type=\"heading.default\">\n\t\t\t\t<div class=\"elementor-widget-container\">\n\t\t\t\t\t<h2 class=\"elementor-heading-title elementor-size-default\">Macedonia<\/h2>\t\t\t\t<\/div>\n\t\t\t\t<\/div>\n\t\t\t\t<div class=\"elementor-element elementor-element-cd4ca27 color-scheme-inherit text-left elementor-widget elementor-widget-text-editor\" data-id=\"cd4ca27\" data-element_type=\"widget\" data-e-type=\"widget\" data-widget_type=\"text-editor.default\">\n\t\t\t\t<div class=\"elementor-widget-container\">\n\t\t\t\t\t\t\t\t\t<ul><li>AGROMARKET IGOR DOEL, Strumica<\/li><\/ul>\t\t\t\t\t\t\t\t<\/div>\n\t\t\t\t<\/div>\n\t\t\t\t<div class=\"elementor-element elementor-element-1e6fa48 elementor-widget elementor-widget-heading\" data-id=\"1e6fa48\" data-element_type=\"widget\" data-e-type=\"widget\" data-widget_type=\"heading.default\">\n\t\t\t\t<div class=\"elementor-widget-container\">\n\t\t\t\t\t<h2 class=\"elementor-heading-title elementor-size-default\">Kosovo<\/h2>\t\t\t\t<\/div>\n\t\t\t\t<\/div>\n\t\t\t\t<div class=\"elementor-element elementor-element-9d34ae7 color-scheme-inherit text-left elementor-widget elementor-widget-text-editor\" data-id=\"9d34ae7\" data-element_type=\"widget\" data-e-type=\"widget\" data-widget_type=\"text-editor.default\">\n\t\t\t\t<div class=\"elementor-widget-container\">\n\t\t\t\t\t\t\t\t\t<ul><li>AGROUNION<\/li><li>DJ PLUS<\/li><\/ul>\t\t\t\t\t\t\t\t<\/div>\n\t\t\t\t<\/div>\n\t\t\t\t<\/div>\n\t\t<div class=\"elementor-element elementor-element-c812d24 e-con-full e-flex e-con e-child\" data-id=\"c812d24\" data-element_type=\"container\" data-e-type=\"container\">\n\t\t\t\t<div class=\"elementor-element elementor-element-bf9f188 elementor-widget elementor-widget-image\" data-id=\"bf9f188\" data-element_type=\"widget\" data-e-type=\"widget\" data-widget_type=\"image.default\">\n\t\t\t\t<div class=\"elementor-widget-container\">\n\t\t\t\t\t\t\t\t\t\t\t\t\t\t\t<img loading=\"lazy\" decoding=\"async\" width=\"1192\" height=\"894\" src=\"https:\/\/supstratimaki.com\/wp-content\/uploads\/2025\/09\/8-2.webp\" class=\"attachment-large size-large wp-image-20890\" alt=\"\" srcset=\"https:\/\/supstratimaki.com\/wp-content\/uploads\/2025\/09\/8-2.webp 1192w, https:\/\/supstratimaki.com\/wp-content\/uploads\/2025\/09\/8-2-768x576.webp 768w, https:\/\/supstratimaki.com\/wp-content\/uploads\/2025\/09\/8-2-16x12.webp 16w, https:\/\/supstratimaki.com\/wp-content\/uploads\/2025\/09\/8-2-430x323.webp 430w, https:\/\/supstratimaki.com\/wp-content\/uploads\/2025\/09\/8-2-700x525.webp 700w, https:\/\/supstratimaki.com\/wp-content\/uploads\/2025\/09\/8-2-150x113.webp 150w\" sizes=\"auto, (max-width: 1192px) 100vw, 1192px\" \/>\t\t\t\t\t\t\t\t\t\t\t\t\t\t\t<\/div>\n\t\t\t\t<\/div>\n\t\t\t\t<\/div>\n\t\t\t\t\t<\/div>\n\t\t\t\t<\/div>\n\t\t\t\t<\/div>","protected":false},"excerpt":{"rendered":"<p>Reference Mi se bavimo proizvodnjom profesionalnih supstrata u hobi programu,tj. U zapreminskim pakovanjima od 5,10,20,50 i 70 litara. Na\u0161i supstrati<\/p>","protected":false},"author":1,"featured_media":0,"parent":0,"menu_order":0,"comment_status":"closed","ping_status":"closed","template":"","meta":{"_acf_changed":false,"footnotes":""},"class_list":["post-20883","page","type-page","status-publish","hentry"],"acf":[],"_links":{"self":[{"href":"https:\/\/supstratimaki.com\/en\/wp-json\/wp\/v2\/pages\/20883","targetHints":{"allow":["GET"]}}],"collection":[{"href":"https:\/\/supstratimaki.com\/en\/wp-json\/wp\/v2\/pages"}],"about":[{"href":"https:\/\/supstratimaki.com\/en\/wp-json\/wp\/v2\/types\/page"}],"author":[{"embeddable":true,"href":"https:\/\/supstratimaki.com\/en\/wp-json\/wp\/v2\/users\/1"}],"replies":[{"embeddable":true,"href":"https:\/\/supstratimaki.com\/en\/wp-json\/wp\/v2\/comments?post=20883"}],"version-history":[{"count":0,"href":"https:\/\/supstratimaki.com\/en\/wp-json\/wp\/v2\/pages\/20883\/revisions"}],"wp:attachment":[{"href":"https:\/\/supstratimaki.com\/en\/wp-json\/wp\/v2\/media?parent=20883"}],"curies":[{"name":"wp","href":"https:\/\/api.w.org\/{rel}","templated":true}]}}