{"id":20780,"date":"2025-08-29T10:17:15","date_gmt":"2025-08-29T10:17:15","guid":{"rendered":"https:\/\/palevioletred-turtle-685376.hostingersite.com\/?post_type=product&#038;p=20780"},"modified":"2025-10-27T22:41:52","modified_gmt":"2025-10-27T22:41:52","slug":"orchid-substrate-5-liters","status":"publish","type":"product","link":"https:\/\/supstratimaki.com\/en\/shop\/supstrati\/supstrat-za-orhideje-5-litara\/","title":{"rendered":"Orchid substrate 5 liters"},"content":{"rendered":"<p>Substrate for orchids, pH value 5.3 \u00b10.4 in CaCl\u2082, enriched with WA-wetting agent that improves moisture absorption and retention. Its light and loose structure allows good aeration of the roots, creating optimal conditions for healthy growth and flowering of orchids.<\/p>","protected":false},"excerpt":{"rendered":"<p>Supstrat za orhideje, pH vrednosti 5.3 \u00b10.4 u CaCl\u2082, oboga\u0107en je WA-okva\u0161iva\u010dem koji pobolj\u0161ava upijanje i zadr\u017eavanje vlage. Njegova lagana<\/p>","protected":false},"featured_media":20840,"comment_status":"open","ping_status":"closed","template":"","meta":{"_acf_changed":false},"product_brand":[],"product_cat":[20],"product_tag":[],"class_list":{"0":"post-20780","1":"product","2":"type-product","3":"status-publish","4":"has-post-thumbnail","6":"product_cat-supstrati","8":"first","9":"instock","10":"shipping-taxable","11":"purchasable","12":"product-type-simple"},"acf":[],"_links":{"self":[{"href":"https:\/\/supstratimaki.com\/en\/wp-json\/wp\/v2\/product\/20780","targetHints":{"allow":["GET"]}}],"collection":[{"href":"https:\/\/supstratimaki.com\/en\/wp-json\/wp\/v2\/product"}],"about":[{"href":"https:\/\/supstratimaki.com\/en\/wp-json\/wp\/v2\/types\/product"}],"replies":[{"embeddable":true,"href":"https:\/\/supstratimaki.com\/en\/wp-json\/wp\/v2\/comments?post=20780"}],"version-history":[{"count":0,"href":"https:\/\/supstratimaki.com\/en\/wp-json\/wp\/v2\/product\/20780\/revisions"}],"wp:featuredmedia":[{"embeddable":true,"href":"https:\/\/supstratimaki.com\/en\/wp-json\/wp\/v2\/media\/20840"}],"wp:attachment":[{"href":"https:\/\/supstratimaki.com\/en\/wp-json\/wp\/v2\/media?parent=20780"}],"wp:term":[{"taxonomy":"product_brand","embeddable":true,"href":"https:\/\/supstratimaki.com\/en\/wp-json\/wp\/v2\/product_brand?post=20780"},{"taxonomy":"product_cat","embeddable":true,"href":"https:\/\/supstratimaki.com\/en\/wp-json\/wp\/v2\/product_cat?post=20780"},{"taxonomy":"product_tag","embeddable":true,"href":"https:\/\/supstratimaki.com\/en\/wp-json\/wp\/v2\/product_tag?post=20780"}],"curies":[{"name":"wp","href":"https:\/\/api.w.org\/{rel}","templated":true}]}}