{"id":20783,"date":"2025-08-29T10:17:57","date_gmt":"2025-08-29T10:17:57","guid":{"rendered":"https:\/\/palevioletred-turtle-685376.hostingersite.com\/?post_type=product&#038;p=20783"},"modified":"2025-10-27T23:23:04","modified_gmt":"2025-10-27T23:23:04","slug":"cactus-substrate-2-5-liters","status":"publish","type":"product","link":"https:\/\/supstratimaki.com\/en\/shop\/supstrati\/supstrat-za-kaktus-2-5-litara\/","title":{"rendered":"Cactus substrate 2.5 liters"},"content":{"rendered":"<p>Substrate for cacti, fractions 20\u201340 mm, pH values 4.8 \u00b10.4 in H\u2082O, enriched with WA-wetting agent that improves absorption and retention of moisture. The coarser and airier structure of the substrate enables excellent drainage and healthy root development of succulents and cacti.<\/p>","protected":false},"excerpt":{"rendered":"<p>Supstrat za kaktuse, frakcije 20\u201340 mm, pH vrednosti 4.8 \u00b10.4 u H\u2082O, oboga\u0107en WA-okva\u0161iva\u010dem koji pobolj\u0161ava upijanje i zadr\u017eavanje vlage.<\/p>","protected":false},"featured_media":20845,"comment_status":"open","ping_status":"closed","template":"","meta":{"_acf_changed":false},"product_brand":[],"product_cat":[20],"product_tag":[],"class_list":{"0":"post-20783","1":"product","2":"type-product","3":"status-publish","4":"has-post-thumbnail","6":"product_cat-supstrati","8":"first","9":"instock","10":"shipping-taxable","11":"purchasable","12":"product-type-simple"},"acf":[],"_links":{"self":[{"href":"https:\/\/supstratimaki.com\/en\/wp-json\/wp\/v2\/product\/20783","targetHints":{"allow":["GET"]}}],"collection":[{"href":"https:\/\/supstratimaki.com\/en\/wp-json\/wp\/v2\/product"}],"about":[{"href":"https:\/\/supstratimaki.com\/en\/wp-json\/wp\/v2\/types\/product"}],"replies":[{"embeddable":true,"href":"https:\/\/supstratimaki.com\/en\/wp-json\/wp\/v2\/comments?post=20783"}],"version-history":[{"count":0,"href":"https:\/\/supstratimaki.com\/en\/wp-json\/wp\/v2\/product\/20783\/revisions"}],"wp:featuredmedia":[{"embeddable":true,"href":"https:\/\/supstratimaki.com\/en\/wp-json\/wp\/v2\/media\/20845"}],"wp:attachment":[{"href":"https:\/\/supstratimaki.com\/en\/wp-json\/wp\/v2\/media?parent=20783"}],"wp:term":[{"taxonomy":"product_brand","embeddable":true,"href":"https:\/\/supstratimaki.com\/en\/wp-json\/wp\/v2\/product_brand?post=20783"},{"taxonomy":"product_cat","embeddable":true,"href":"https:\/\/supstratimaki.com\/en\/wp-json\/wp\/v2\/product_cat?post=20783"},{"taxonomy":"product_tag","embeddable":true,"href":"https:\/\/supstratimaki.com\/en\/wp-json\/wp\/v2\/product_tag?post=20783"}],"curies":[{"name":"wp","href":"https:\/\/api.w.org\/{rel}","templated":true}]}}