{"id":20786,"date":"2025-08-29T10:19:04","date_gmt":"2025-08-29T10:19:04","guid":{"rendered":"https:\/\/palevioletred-turtle-685376.hostingersite.com\/?post_type=product&#038;p=20786"},"modified":"2026-03-02T11:54:08","modified_gmt":"2026-03-02T11:54:08","slug":"agro-perlite","status":"publish","type":"product","link":"https:\/\/supstratimaki.com\/en\/shop\/supstrati\/agro-perlit\/","title":{"rendered":"Agro Perlite for plants"},"content":{"rendered":"<p>Agro perlite fraction 3\u20136 mm is a light and porous material that improves the structure of the substrate. It allows better moisture retention and airiness, encouraging healthy root development and plant growth. Ideally used for mixing with other substrates to improve drainage and permeability.<\/p>","protected":false},"excerpt":{"rendered":"<p>Agro perlit frakcije 3\u20136 mm je lagan i porozan materijal koji pobolj\u0161ava strukturu supstrata. Omogu\u0107ava bolje zadr\u017eavanje vlage i vazdu\u0161nost,<\/p>","protected":false},"featured_media":20846,"comment_status":"open","ping_status":"closed","template":"","meta":{"_acf_changed":false},"product_brand":[],"product_cat":[20],"product_tag":[],"class_list":{"0":"post-20786","1":"product","2":"type-product","3":"status-publish","4":"has-post-thumbnail","6":"product_cat-supstrati","8":"first","9":"instock","10":"shipping-taxable","11":"purchasable","12":"product-type-variable"},"acf":[],"_links":{"self":[{"href":"https:\/\/supstratimaki.com\/en\/wp-json\/wp\/v2\/product\/20786","targetHints":{"allow":["GET"]}}],"collection":[{"href":"https:\/\/supstratimaki.com\/en\/wp-json\/wp\/v2\/product"}],"about":[{"href":"https:\/\/supstratimaki.com\/en\/wp-json\/wp\/v2\/types\/product"}],"replies":[{"embeddable":true,"href":"https:\/\/supstratimaki.com\/en\/wp-json\/wp\/v2\/comments?post=20786"}],"version-history":[{"count":0,"href":"https:\/\/supstratimaki.com\/en\/wp-json\/wp\/v2\/product\/20786\/revisions"}],"wp:featuredmedia":[{"embeddable":true,"href":"https:\/\/supstratimaki.com\/en\/wp-json\/wp\/v2\/media\/20846"}],"wp:attachment":[{"href":"https:\/\/supstratimaki.com\/en\/wp-json\/wp\/v2\/media?parent=20786"}],"wp:term":[{"taxonomy":"product_brand","embeddable":true,"href":"https:\/\/supstratimaki.com\/en\/wp-json\/wp\/v2\/product_brand?post=20786"},{"taxonomy":"product_cat","embeddable":true,"href":"https:\/\/supstratimaki.com\/en\/wp-json\/wp\/v2\/product_cat?post=20786"},{"taxonomy":"product_tag","embeddable":true,"href":"https:\/\/supstratimaki.com\/en\/wp-json\/wp\/v2\/product_tag?post=20786"}],"curies":[{"name":"wp","href":"https:\/\/api.w.org\/{rel}","templated":true}]}}