{"id":20791,"date":"2025-08-29T10:19:52","date_gmt":"2025-08-29T10:19:52","guid":{"rendered":"https:\/\/palevioletred-turtle-685376.hostingersite.com\/?post_type=product&#038;p=20791"},"modified":"2025-09-23T16:50:00","modified_gmt":"2025-09-23T16:50:00","slug":"decorative-mulch-70-liters","status":"publish","type":"product","link":"https:\/\/supstratimaki.com\/en\/shop\/supstrati\/dekorativni-malc-70-litara\/","title":{"rendered":"Decorative mulch 70 liters"},"content":{"rendered":"<p>Decorative colored mulch is used to cover the soil around plants, trees and flower beds. It provides an aesthetically pleasing appearance, prevents the growth of weeds, reduces the evaporation of moisture from the soil and helps to preserve the optimal temperature of the root layer.<\/p>","protected":false},"excerpt":{"rendered":"<p>Dekorativni obojeni mal\u010d koristi se za pokrivanje zemlji\u0161ta oko biljaka, drve\u0107a i cvetnih gredica. Pru\u017ea estetski lep izgled, spre\u010dava rast<\/p>","protected":false},"featured_media":20847,"comment_status":"open","ping_status":"closed","template":"","meta":{"_acf_changed":false},"product_brand":[],"product_cat":[20],"product_tag":[],"class_list":{"0":"post-20791","1":"product","2":"type-product","3":"status-publish","4":"has-post-thumbnail","6":"product_cat-supstrati","8":"first","9":"instock","10":"shipping-taxable","11":"purchasable","12":"product-type-variable"},"acf":[],"_links":{"self":[{"href":"https:\/\/supstratimaki.com\/en\/wp-json\/wp\/v2\/product\/20791","targetHints":{"allow":["GET"]}}],"collection":[{"href":"https:\/\/supstratimaki.com\/en\/wp-json\/wp\/v2\/product"}],"about":[{"href":"https:\/\/supstratimaki.com\/en\/wp-json\/wp\/v2\/types\/product"}],"replies":[{"embeddable":true,"href":"https:\/\/supstratimaki.com\/en\/wp-json\/wp\/v2\/comments?post=20791"}],"version-history":[{"count":0,"href":"https:\/\/supstratimaki.com\/en\/wp-json\/wp\/v2\/product\/20791\/revisions"}],"wp:featuredmedia":[{"embeddable":true,"href":"https:\/\/supstratimaki.com\/en\/wp-json\/wp\/v2\/media\/20847"}],"wp:attachment":[{"href":"https:\/\/supstratimaki.com\/en\/wp-json\/wp\/v2\/media?parent=20791"}],"wp:term":[{"taxonomy":"product_brand","embeddable":true,"href":"https:\/\/supstratimaki.com\/en\/wp-json\/wp\/v2\/product_brand?post=20791"},{"taxonomy":"product_cat","embeddable":true,"href":"https:\/\/supstratimaki.com\/en\/wp-json\/wp\/v2\/product_cat?post=20791"},{"taxonomy":"product_tag","embeddable":true,"href":"https:\/\/supstratimaki.com\/en\/wp-json\/wp\/v2\/product_tag?post=20791"}],"curies":[{"name":"wp","href":"https:\/\/api.w.org\/{rel}","templated":true}]}}